{"id":4161,"date":"2021-11-24T12:39:44","date_gmt":"2021-11-24T12:39:44","guid":{"rendered":"https:\/\/www.pbz.ch\/?page_id=4161"},"modified":"2025-10-13T09:09:28","modified_gmt":"2025-10-13T07:09:28","slug":"albanisch-shqip-2","status":"publish","type":"page","link":"https:\/\/www.pbz.ch\/sq\/","title":{"rendered":"Nj\u00eb gjys\u00ebm milioni libra dhe media t\u00eb tjera n\u00eb dispozicionin tuaj, por jo vet\u00ebm kaq"},"content":{"rendered":"","protected":false},"excerpt":{"rendered":"","protected":false},"author":1,"featured_media":0,"parent":0,"menu_order":0,"comment_status":"closed","ping_status":"closed","template":"","meta":{"_acf_changed":false,"footnotes":""},"class_list":["post-4161","page","type-page","status-publish","hentry"],"acf":[],"yoast_head":"<!-- This site is optimized with the Yoast SEO plugin v27.0 - https:\/\/yoast.com\/product\/yoast-seo-wordpress\/ -->\n<title>Nj\u00eb gjys\u00ebm milioni libra dhe media t\u00eb tjera n\u00eb dispozicionin tuaj, por jo vet\u00ebm kaq - PBZ.ch<\/title>\n<meta name=\"robots\" content=\"index, follow, max-snippet:-1, max-image-preview:large, max-video-preview:-1\" \/>\n<link rel=\"canonical\" href=\"https:\/\/www.pbz.ch\/sq\/\" \/>\n<meta property=\"og:locale\" content=\"sq_AL\" \/>\n<meta property=\"og:type\" content=\"article\" \/>\n<meta property=\"og:title\" content=\"Nj\u00eb gjys\u00ebm milioni libra dhe media t\u00eb tjera n\u00eb dispozicionin tuaj, por jo vet\u00ebm kaq - PBZ.ch\" \/>\n<meta property=\"og:url\" content=\"https:\/\/www.pbz.ch\/sq\/\" \/>\n<meta property=\"og:site_name\" content=\"PBZ.ch\" \/>\n<meta property=\"article:publisher\" content=\"https:\/\/www.instagram.com\/pbzpestalozzibibliothekzuerich\/\" \/>\n<meta property=\"article:modified_time\" content=\"2025-10-13T07:09:28+00:00\" \/>\n<meta name=\"twitter:card\" content=\"summary_large_image\" \/>\n<script type=\"application\/ld+json\" class=\"yoast-schema-graph\">{\"@context\":\"https:\/\/schema.org\",\"@graph\":[{\"@type\":\"WebPage\",\"@id\":\"https:\/\/www.pbz.ch\/sq\/\",\"url\":\"https:\/\/www.pbz.ch\/sq\/\",\"name\":\"Nj\u00eb gjys\u00ebm milioni libra dhe media t\u00eb tjera n\u00eb dispozicionin tuaj, por jo vet\u00ebm kaq - PBZ.ch\",\"isPartOf\":{\"@id\":\"https:\/\/www.pbz.ch\/#website\"},\"datePublished\":\"2021-11-24T12:39:44+00:00\",\"dateModified\":\"2025-10-13T07:09:28+00:00\",\"breadcrumb\":{\"@id\":\"https:\/\/www.pbz.ch\/sq\/#breadcrumb\"},\"inLanguage\":\"sq-AL\",\"potentialAction\":[{\"@type\":\"ReadAction\",\"target\":[\"https:\/\/www.pbz.ch\/sq\/\"]}]},{\"@type\":\"BreadcrumbList\",\"@id\":\"https:\/\/www.pbz.ch\/sq\/#breadcrumb\",\"itemListElement\":[{\"@type\":\"ListItem\",\"position\":1,\"name\":\"Home\",\"item\":\"https:\/\/www.pbz.ch\/sq\/\"},{\"@type\":\"ListItem\",\"position\":2,\"name\":\"Nj\u00eb gjys\u00ebm milioni libra dhe media t\u00eb tjera n\u00eb dispozicionin tuaj, por jo vet\u00ebm kaq\"}]},{\"@type\":\"WebSite\",\"@id\":\"https:\/\/www.pbz.ch\/#website\",\"url\":\"https:\/\/www.pbz.ch\/\",\"name\":\"PBZ.ch\",\"description\":\"\",\"publisher\":{\"@id\":\"https:\/\/www.pbz.ch\/#organization\"},\"potentialAction\":[{\"@type\":\"SearchAction\",\"target\":{\"@type\":\"EntryPoint\",\"urlTemplate\":\"https:\/\/www.pbz.ch\/?s={search_term_string}\"},\"query-input\":{\"@type\":\"PropertyValueSpecification\",\"valueRequired\":true,\"valueName\":\"search_term_string\"}}],\"inLanguage\":\"sq-AL\"},{\"@type\":\"Organization\",\"@id\":\"https:\/\/www.pbz.ch\/#organization\",\"name\":\"PBZ.ch\",\"url\":\"https:\/\/www.pbz.ch\/\",\"logo\":{\"@type\":\"ImageObject\",\"inLanguage\":\"sq-AL\",\"@id\":\"https:\/\/www.pbz.ch\/#\/schema\/logo\/image\/\",\"url\":\"https:\/\/www.pbz.ch\/app\/uploads\/2022\/04\/pbz_logo_large.svg\",\"contentUrl\":\"https:\/\/www.pbz.ch\/app\/uploads\/2022\/04\/pbz_logo_large.svg\",\"width\":304,\"height\":99,\"caption\":\"PBZ.ch\"},\"image\":{\"@id\":\"https:\/\/www.pbz.ch\/#\/schema\/logo\/image\/\"},\"sameAs\":[\"https:\/\/www.instagram.com\/pbzpestalozzibibliothekzuerich\/\"]}]}<\/script>\n<!-- \/ Yoast SEO plugin. -->","yoast_head_json":{"title":"Nj\u00eb gjys\u00ebm milioni libra dhe media t\u00eb tjera n\u00eb dispozicionin tuaj, por jo vet\u00ebm kaq - PBZ.ch","robots":{"index":"index","follow":"follow","max-snippet":"max-snippet:-1","max-image-preview":"max-image-preview:large","max-video-preview":"max-video-preview:-1"},"canonical":"https:\/\/www.pbz.ch\/sq\/","og_locale":"sq_AL","og_type":"article","og_title":"Nj\u00eb gjys\u00ebm milioni libra dhe media t\u00eb tjera n\u00eb dispozicionin tuaj, por jo vet\u00ebm kaq - PBZ.ch","og_url":"https:\/\/www.pbz.ch\/sq\/","og_site_name":"PBZ.ch","article_publisher":"https:\/\/www.instagram.com\/pbzpestalozzibibliothekzuerich\/","article_modified_time":"2025-10-13T07:09:28+00:00","twitter_card":"summary_large_image","schema":{"@context":"https:\/\/schema.org","@graph":[{"@type":"WebPage","@id":"https:\/\/www.pbz.ch\/sq\/","url":"https:\/\/www.pbz.ch\/sq\/","name":"Nj\u00eb gjys\u00ebm milioni libra dhe media t\u00eb tjera n\u00eb dispozicionin tuaj, por jo vet\u00ebm kaq - PBZ.ch","isPartOf":{"@id":"https:\/\/www.pbz.ch\/#website"},"datePublished":"2021-11-24T12:39:44+00:00","dateModified":"2025-10-13T07:09:28+00:00","breadcrumb":{"@id":"https:\/\/www.pbz.ch\/sq\/#breadcrumb"},"inLanguage":"sq-AL","potentialAction":[{"@type":"ReadAction","target":["https:\/\/www.pbz.ch\/sq\/"]}]},{"@type":"BreadcrumbList","@id":"https:\/\/www.pbz.ch\/sq\/#breadcrumb","itemListElement":[{"@type":"ListItem","position":1,"name":"Home","item":"https:\/\/www.pbz.ch\/sq\/"},{"@type":"ListItem","position":2,"name":"Nj\u00eb gjys\u00ebm milioni libra dhe media t\u00eb tjera n\u00eb dispozicionin tuaj, por jo vet\u00ebm kaq"}]},{"@type":"WebSite","@id":"https:\/\/www.pbz.ch\/#website","url":"https:\/\/www.pbz.ch\/","name":"PBZ.ch","description":"","publisher":{"@id":"https:\/\/www.pbz.ch\/#organization"},"potentialAction":[{"@type":"SearchAction","target":{"@type":"EntryPoint","urlTemplate":"https:\/\/www.pbz.ch\/?s={search_term_string}"},"query-input":{"@type":"PropertyValueSpecification","valueRequired":true,"valueName":"search_term_string"}}],"inLanguage":"sq-AL"},{"@type":"Organization","@id":"https:\/\/www.pbz.ch\/#organization","name":"PBZ.ch","url":"https:\/\/www.pbz.ch\/","logo":{"@type":"ImageObject","inLanguage":"sq-AL","@id":"https:\/\/www.pbz.ch\/#\/schema\/logo\/image\/","url":"https:\/\/www.pbz.ch\/app\/uploads\/2022\/04\/pbz_logo_large.svg","contentUrl":"https:\/\/www.pbz.ch\/app\/uploads\/2022\/04\/pbz_logo_large.svg","width":304,"height":99,"caption":"PBZ.ch"},"image":{"@id":"https:\/\/www.pbz.ch\/#\/schema\/logo\/image\/"},"sameAs":["https:\/\/www.instagram.com\/pbzpestalozzibibliothekzuerich\/"]}]}},"_links":{"self":[{"href":"https:\/\/www.pbz.ch\/sq\/wp-json\/wp\/v2\/pages\/4161","targetHints":{"allow":["GET"]}}],"collection":[{"href":"https:\/\/www.pbz.ch\/sq\/wp-json\/wp\/v2\/pages"}],"about":[{"href":"https:\/\/www.pbz.ch\/sq\/wp-json\/wp\/v2\/types\/page"}],"author":[{"embeddable":true,"href":"https:\/\/www.pbz.ch\/sq\/wp-json\/wp\/v2\/users\/1"}],"replies":[{"embeddable":true,"href":"https:\/\/www.pbz.ch\/sq\/wp-json\/wp\/v2\/comments?post=4161"}],"version-history":[{"count":7,"href":"https:\/\/www.pbz.ch\/sq\/wp-json\/wp\/v2\/pages\/4161\/revisions"}],"predecessor-version":[{"id":53098,"href":"https:\/\/www.pbz.ch\/sq\/wp-json\/wp\/v2\/pages\/4161\/revisions\/53098"}],"wp:attachment":[{"href":"https:\/\/www.pbz.ch\/sq\/wp-json\/wp\/v2\/media?parent=4161"}],"curies":[{"name":"wp","href":"https:\/\/api.w.org\/{rel}","templated":true}]}}